{"id":3501,"date":"2018-07-30T18:48:38","date_gmt":"2018-07-30T16:48:38","guid":{"rendered":"https:\/\/www.rebaro.de\/engl\/?page_id=3501"},"modified":"2019-05-17T17:31:55","modified_gmt":"2019-05-17T15:31:55","slug":"referenzen","status":"publish","type":"page","link":"https:\/\/www.rebaro.de\/engl\/referenzen\/","title":{"rendered":"References"},"content":{"rendered":"\n<style type=\"text\/css\" data-created_by=\"avia_inline_auto\" id=\"style-css-sub-av-jk8ilx9m-8451cdffd41d69c1520f32506a59d997\">\n.av-hotspot-image-container .av-image-hotspot.av-4envp9-9ad08827886da0624836680ec7988b5a{\ntop:12%;\nleft:39%;\n}\n.av-hotspot-image-container .av-image-hotspot.av-4envp9-9ad08827886da0624836680ec7988b5a .av-image-hotspot_inner{\nbackground-color:#e52241;\ncolor:#ffffff;\n}\n.av-hotspot-image-container .av-image-hotspot.av-4envp9-9ad08827886da0624836680ec7988b5a .av-image-hotspot-pulse{\nbackground-color:#e52241;\n}\n.av-hotspot-image-container .av-image-hotspot.av-elewcd-05e98753984a149b01816d1f0ef5fd1e{\ntop:73.8%;\nleft:47.9%;\n}\n.av-hotspot-image-container .av-image-hotspot.av-elewcd-05e98753984a149b01816d1f0ef5fd1e .av-image-hotspot_inner{\nbackground-color:#e52241;\ncolor:#ffffff;\n}\n.av-hotspot-image-container .av-image-hotspot.av-elewcd-05e98753984a149b01816d1f0ef5fd1e .av-image-hotspot-pulse{\nbackground-color:#e52241;\n}\n.av-hotspot-image-container .av-image-hotspot.av-chvf3x-7b0e29523630b9e49457e6a3bf457880{\ntop:58.8%;\nleft:42.9%;\n}\n.av-hotspot-image-container .av-image-hotspot.av-chvf3x-7b0e29523630b9e49457e6a3bf457880 .av-image-hotspot_inner{\nbackground-color:#e52241;\ncolor:#ffffff;\n}\n.av-hotspot-image-container .av-image-hotspot.av-chvf3x-7b0e29523630b9e49457e6a3bf457880 .av-image-hotspot-pulse{\nbackground-color:#e52241;\n}\n.av-hotspot-image-container .av-image-hotspot.av-a8nw71-5f2ba39a1d20f3e45b9b361a664b488a{\ntop:66.8%;\nleft:35.8%;\n}\n.av-hotspot-image-container .av-image-hotspot.av-a8nw71-5f2ba39a1d20f3e45b9b361a664b488a .av-image-hotspot_inner{\nbackground-color:#e52241;\ncolor:#ffffff;\n}\n.av-hotspot-image-container .av-image-hotspot.av-a8nw71-5f2ba39a1d20f3e45b9b361a664b488a .av-image-hotspot-pulse{\nbackground-color:#e52241;\n}\n.av-hotspot-image-container .av-image-hotspot.av-9nki8d-47ae486f324ee775671eca0a31a5e5ba{\ntop:68.8%;\nleft:34.1%;\n}\n.av-hotspot-image-container .av-image-hotspot.av-9nki8d-47ae486f324ee775671eca0a31a5e5ba .av-image-hotspot_inner{\nbackground-color:#e52241;\ncolor:#ffffff;\n}\n.av-hotspot-image-container .av-image-hotspot.av-9nki8d-47ae486f324ee775671eca0a31a5e5ba .av-image-hotspot-pulse{\nbackground-color:#e52241;\n}\n.av-hotspot-image-container .av-image-hotspot.av-8983bh-f43e270ea4605e252f3796442613fcb6{\ntop:80.7%;\nleft:33.3%;\n}\n.av-hotspot-image-container .av-image-hotspot.av-8983bh-f43e270ea4605e252f3796442613fcb6 .av-image-hotspot_inner{\nbackground-color:#e52241;\ncolor:#ffffff;\n}\n.av-hotspot-image-container .av-image-hotspot.av-8983bh-f43e270ea4605e252f3796442613fcb6 .av-image-hotspot-pulse{\nbackground-color:#e52241;\n}\n.av-hotspot-image-container .av-image-hotspot.av-6av31p-93873ba26f004c09881e7f02dc23ce31{\ntop:89.7%;\nleft:31.9%;\n}\n.av-hotspot-image-container .av-image-hotspot.av-6av31p-93873ba26f004c09881e7f02dc23ce31 .av-image-hotspot_inner{\nbackground-color:#e52241;\ncolor:#ffffff;\n}\n.av-hotspot-image-container .av-image-hotspot.av-6av31p-93873ba26f004c09881e7f02dc23ce31 .av-image-hotspot-pulse{\nbackground-color:#e52241;\n}\n.av-hotspot-image-container .av-image-hotspot.av-3t77cd-f9b2b7d65b42aa0dabaf5eccbd4ae616{\ntop:85.7%;\nleft:37.2%;\n}\n.av-hotspot-image-container .av-image-hotspot.av-3t77cd-f9b2b7d65b42aa0dabaf5eccbd4ae616 .av-image-hotspot_inner{\nbackground-color:#e52241;\ncolor:#ffffff;\n}\n.av-hotspot-image-container .av-image-hotspot.av-3t77cd-f9b2b7d65b42aa0dabaf5eccbd4ae616 .av-image-hotspot-pulse{\nbackground-color:#e52241;\n}\n<\/style>\n<div  class='av-hotspot-image-container av-jk8ilx9m-8451cdffd41d69c1520f32506a59d997  avia-builder-el-0  el_before_av_heading  avia-builder-el-first  av-hotspot-blank avia_animated_image avia_animate_when_almost_visible pop-up av-mobile-fallback-active   av-non-fullwidth-hotspot-image'  itemprop=\"image\" itemscope=\"itemscope\" itemtype=\"https:\/\/schema.org\/ImageObject\" ><div class='av-hotspot-container'><div class='av-hotspot-container-inner-cell'><div class='av-hotspot-container-inner-wrap'><div class='av-image-hotspot av-4envp9-9ad08827886da0624836680ec7988b5a av-image-hotspot-1 ' data-avia-tooltip-position='top' data-avia-tooltip-alignment='left' data-avia-tooltip-class='av-tt-default-width av-tt-pos-above av-tt-align-left  av-mobile-fallback-active  main_color av-tt-hotspot' data-avia-tooltip='&lt;p&gt;&lt;strong&gt;Hamburg&lt;\/strong&gt;&lt;br \/&gt;\nElbphilharmonie&lt;\/p&gt;\n'><div class='av-image-hotspot_inner'>1<\/div><div class='av-image-hotspot-pulse'><\/div><\/div><div class='av-image-hotspot av-elewcd-05e98753984a149b01816d1f0ef5fd1e av-image-hotspot-2 ' data-avia-tooltip-position='top' data-avia-tooltip-alignment='left' data-avia-tooltip-class='av-tt-default-width av-tt-pos-above av-tt-align-left  av-mobile-fallback-active  main_color av-tt-hotspot' data-avia-tooltip='&lt;p&gt;&lt;strong&gt;Salzburg&lt;\/strong&gt;&lt;br \/&gt;\nKraftwerk, Dampfnetzumstellung&lt;\/p&gt;\n'><div class='av-image-hotspot_inner'>2<\/div><div class='av-image-hotspot-pulse'><\/div><\/div><div class='av-image-hotspot av-chvf3x-7b0e29523630b9e49457e6a3bf457880 av-image-hotspot-3 ' data-avia-tooltip-position='top' data-avia-tooltip-alignment='left' data-avia-tooltip-class='av-tt-default-width av-tt-pos-above av-tt-align-left  av-mobile-fallback-active  main_color av-tt-hotspot' data-avia-tooltip='&lt;p&gt;&lt;strong&gt;PUMA &#038; ADIDAS&lt;\/strong&gt;&lt;br \/&gt;\nHerzogenaurach&lt;\/p&gt;\n'><div class='av-image-hotspot_inner'>3<\/div><div class='av-image-hotspot-pulse'><\/div><\/div><div class='av-image-hotspot av-a8nw71-5f2ba39a1d20f3e45b9b361a664b488a av-image-hotspot-4 ' data-avia-tooltip-position='top' data-avia-tooltip-alignment='left' data-avia-tooltip-class='av-tt-default-width av-tt-pos-above av-tt-align-left  av-mobile-fallback-active  main_color av-tt-hotspot' data-avia-tooltip='&lt;p&gt;&lt;strong&gt;Stuttgart&lt;\/strong&gt;&lt;br \/&gt;\nLandesbank&lt;\/p&gt;\n'><div class='av-image-hotspot_inner'>4<\/div><div class='av-image-hotspot-pulse'><\/div><\/div><div class='av-image-hotspot av-9nki8d-47ae486f324ee775671eca0a31a5e5ba av-image-hotspot-5 ' data-avia-tooltip-position='top' data-avia-tooltip-alignment='left' data-avia-tooltip-class='av-tt-default-width av-tt-pos-above av-tt-align-left  av-mobile-fallback-active  main_color av-tt-hotspot' data-avia-tooltip='&lt;p&gt;&lt;strong&gt;Pfalzgrafenweiler&lt;\/strong&gt;&lt;br \/&gt;\ngr\u00f6\u00dftes Nahw\u00e4rmenetz BW&lt;\/p&gt;\n'><div class='av-image-hotspot_inner'>5<\/div><div class='av-image-hotspot-pulse'><\/div><\/div><div class='av-image-hotspot av-8983bh-f43e270ea4605e252f3796442613fcb6 av-image-hotspot-6 ' data-avia-tooltip-position='top' data-avia-tooltip-alignment='left' data-avia-tooltip-class='av-tt-default-width av-tt-pos-above av-tt-align-left  av-mobile-fallback-active  main_color av-tt-hotspot' data-avia-tooltip='&lt;p&gt;&lt;strong&gt;SFR&lt;\/strong&gt;&lt;br \/&gt;\nSchweizer Fernsehen&lt;\/p&gt;\n'><div class='av-image-hotspot_inner'>6<\/div><div class='av-image-hotspot-pulse'><\/div><\/div><div class='av-image-hotspot av-6av31p-93873ba26f004c09881e7f02dc23ce31 av-image-hotspot-7 ' data-avia-tooltip-position='top' data-avia-tooltip-alignment='left' data-avia-tooltip-class='av-tt-default-width av-tt-pos-above av-tt-align-left  av-mobile-fallback-active  main_color av-tt-hotspot' data-avia-tooltip='&lt;p&gt;&lt;strong&gt;Verbier&lt;\/strong&gt;&lt;br \/&gt;\nTalstation&lt;\/p&gt;\n'><div class='av-image-hotspot_inner'>7<\/div><div class='av-image-hotspot-pulse'><\/div><\/div><div class='av-image-hotspot av-3t77cd-f9b2b7d65b42aa0dabaf5eccbd4ae616 av-image-hotspot-8 ' data-avia-tooltip-position='top' data-avia-tooltip-alignment='left' data-avia-tooltip-class='av-tt-default-width av-tt-pos-above av-tt-align-left  av-mobile-fallback-active  main_color av-tt-hotspot' data-avia-tooltip='&lt;p&gt;&lt;strong&gt;Chur&lt;\/strong&gt;&lt;br \/&gt;\nPriesterseminar&lt;\/p&gt;\n'><div class='av-image-hotspot_inner'>8<\/div><div class='av-image-hotspot-pulse'><\/div><\/div><img decoding=\"async\" width=\"1400\" height=\"502\" class='wp-image-3911 avia-img-lazy-loading-not-3911 avia_image' src=\"https:\/\/www.rebaro.de\/wp-content\/uploads\/sites\/2\/2018\/10\/rebaro-fernwaermetechnik-referenzen-2.jpg\" alt='' title='rebaro-fernwaermetechnik-referenzen-2'   itemprop=\"thumbnailUrl\" srcset=\"https:\/\/www.rebaro.de\/engl\/wp-content\/uploads\/sites\/2\/2018\/10\/rebaro-fernwaermetechnik-referenzen-2.jpg 1400w, https:\/\/www.rebaro.de\/engl\/wp-content\/uploads\/sites\/2\/2018\/10\/rebaro-fernwaermetechnik-referenzen-2-300x108.jpg 300w, https:\/\/www.rebaro.de\/engl\/wp-content\/uploads\/sites\/2\/2018\/10\/rebaro-fernwaermetechnik-referenzen-2-768x275.jpg 768w, https:\/\/www.rebaro.de\/engl\/wp-content\/uploads\/sites\/2\/2018\/10\/rebaro-fernwaermetechnik-referenzen-2-1030x369.jpg 1030w, https:\/\/www.rebaro.de\/engl\/wp-content\/uploads\/sites\/2\/2018\/10\/rebaro-fernwaermetechnik-referenzen-2-705x253.jpg 705w, https:\/\/www.rebaro.de\/engl\/wp-content\/uploads\/sites\/2\/2018\/10\/rebaro-fernwaermetechnik-referenzen-2-450x161.jpg 450w\" sizes=\"(max-width: 1400px) 100vw, 1400px\" \/><\/div><\/div><\/div><div class='av-hotspot-fallback-tooltip av-image-hotspot-1 '><div class=\"av-hotspot-fallback-tooltip-count\">1<div class=\"avia-arrow\"><\/div><\/div><div class=\"av-hotspot-fallback-tooltip-inner clearfix\"><p>\n<strong>Hamburg<\/strong><br \/>\nElbphilharmonie<\/p>\n<\/div><\/div><div class='av-hotspot-fallback-tooltip av-image-hotspot-2 '><div class=\"av-hotspot-fallback-tooltip-count\">2<div class=\"avia-arrow\"><\/div><\/div><div class=\"av-hotspot-fallback-tooltip-inner clearfix\"><p>\n<strong>Salzburg<\/strong><br \/>\nKraftwerk, Dampfnetzumstellung<\/p>\n<\/div><\/div><div class='av-hotspot-fallback-tooltip av-image-hotspot-3 '><div class=\"av-hotspot-fallback-tooltip-count\">3<div class=\"avia-arrow\"><\/div><\/div><div class=\"av-hotspot-fallback-tooltip-inner clearfix\"><p>\n<strong>PUMA &#038; ADIDAS<\/strong><br \/>\nHerzogenaurach<\/p>\n<\/div><\/div><div class='av-hotspot-fallback-tooltip av-image-hotspot-4 '><div class=\"av-hotspot-fallback-tooltip-count\">4<div class=\"avia-arrow\"><\/div><\/div><div class=\"av-hotspot-fallback-tooltip-inner clearfix\"><p>\n<strong>Stuttgart<\/strong><br \/>\nLandesbank<\/p>\n<\/div><\/div><div class='av-hotspot-fallback-tooltip av-image-hotspot-5 '><div class=\"av-hotspot-fallback-tooltip-count\">5<div class=\"avia-arrow\"><\/div><\/div><div class=\"av-hotspot-fallback-tooltip-inner clearfix\"><p>\n<strong>Pfalzgrafenweiler<\/strong><br \/>\ngr\u00f6\u00dftes Nahw\u00e4rmenetz BW<\/p>\n<\/div><\/div><div class='av-hotspot-fallback-tooltip av-image-hotspot-6 '><div class=\"av-hotspot-fallback-tooltip-count\">6<div class=\"avia-arrow\"><\/div><\/div><div class=\"av-hotspot-fallback-tooltip-inner clearfix\"><p>\n<strong>SFR<\/strong><br \/>\nSchweizer Fernsehen<\/p>\n<\/div><\/div><div class='av-hotspot-fallback-tooltip av-image-hotspot-7 '><div class=\"av-hotspot-fallback-tooltip-count\">7<div class=\"avia-arrow\"><\/div><\/div><div class=\"av-hotspot-fallback-tooltip-inner clearfix\"><p>\n<strong>Verbier<\/strong><br \/>\nTalstation<\/p>\n<\/div><\/div><div class='av-hotspot-fallback-tooltip av-image-hotspot-8 '><div class=\"av-hotspot-fallback-tooltip-count\">8<div class=\"avia-arrow\"><\/div><\/div><div class=\"av-hotspot-fallback-tooltip-inner clearfix\"><p>\n<strong>Chur<\/strong><br \/>\nPriesterseminar<\/p>\n<\/div><\/div><\/div>\n\n<style type=\"text\/css\" data-created_by=\"avia_inline_auto\" id=\"style-css-av-jvs8psc3-8e77877d92e01cb1a10de17d09abdbd7\">\n#top .av-special-heading.av-jvs8psc3-8e77877d92e01cb1a10de17d09abdbd7{\npadding-bottom:10px;\n}\n<\/style>\n<div  class='av-special-heading av-jvs8psc3-8e77877d92e01cb1a10de17d09abdbd7 av-special-heading-h3  avia-builder-el-1  el_after_av_image_hotspot  el_before_av_textblock  avia-builder-el-first  '><h3 class='av-special-heading-tag '  itemprop=\"headline\"  >References<\/h3><div class='special-heading-border'><div class='special-heading-inner-border'><\/div><\/div><\/div>\n<section class=\"av_textblock_section \"  itemscope=\"itemscope\" itemtype=\"https:\/\/schema.org\/CreativeWork\" ><div class='avia_textblock  '   itemprop=\"text\" ><p>Here we are working for you<\/p>\n<\/div><\/section>\n<div  class='hr av-jk3v9zzx-e3c20099d9d956cde6cfac918a36c371 hr-default  avia-builder-el-3  el_after_av_textblock  el_before_av_content_slider  '><span class='hr-inner '><span class=\"hr-inner-style\"><\/span><\/span><\/div>\n<div   data-autoplay='true'  data-interval='5'  data-animation='fade'  data-show_slide_delay='30'  class='avia-content-slider-element-container avia-content-slider-element-slider avia-content-slider avia-smallarrow-slider avia-content-slider-active avia-content-slider1 avia-content-slider-odd  avia-builder-el-4  el_after_av_hr  el_before_av_hr  ' ><div class='avia-smallarrow-slider-heading  no-content-slider-heading '><div class='new-special-heading'>&nbsp;<\/div><div class='avia-slideshow-arrows avia-slideshow-controls' ><a href='#prev' class='prev-slide ' aria-hidden='true' data-av_icon='\ue87c' data-av_iconfont='entypo-fontello' aria-hidden='true' tabindex='-1'>Zur\u00fcck<\/a><a href='#next' class='next-slide ' aria-hidden='true' data-av_icon='\ue87d' data-av_iconfont='entypo-fontello' aria-hidden='true' tabindex='-1'>Weiter<\/a><\/div><\/div><div class='avia-content-slider-inner'><div class='slide-entry-wrap'><section class='slide-entry flex_column post-entry slide-entry-overview slide-loop-1 slide-parity-odd  av_fullwidth first'  itemscope=\"itemscope\" itemtype=\"https:\/\/schema.org\/CreativeWork\" ><h3 class='slide-entry-title entry-title '  itemprop=\"headline\" >\u00d6lkessel ade!<\/h3><div class='slide-entry-excerpt entry-content'  itemprop=\"text\" ><p>Wir sind \u00e4u\u00dferst zufrieden mit unseren \u00dcbergabestationen und werden auch in Zukunft auf die Qualit\u00e4t von rebaro setzen!<br \/>\nDie partnerschaftliche Zusammenarbeit macht uns viel Spa\u00df und die kurzen Lieferzeiten sind ideal.<\/p>\n<\/div><\/section><\/div><div class='slide-entry-wrap'><section class='slide-entry flex_column post-entry slide-entry-overview slide-loop-2 slide-parity-odd  av_fullwidth first'  itemscope=\"itemscope\" itemtype=\"https:\/\/schema.org\/CreativeWork\" ><h3 class='slide-entry-title entry-title '  itemprop=\"headline\" >rebaro? Immer wieder gerne!<\/h3><div class='slide-entry-excerpt entry-content'  itemprop=\"text\" ><p>rebaro ber\u00e4t uns in allen Fragen zu vollster Zufriedenheit und der Service ist unschlagbar. Die Fernw\u00e4rmestationen sind sehr zuverl\u00e4ssig und h\u00f6chst qualitativ. Die Betreuung unseres Netzes in Pfalzgrafenweiler l\u00e4uft ohne Probleme, wir sind \u00e4u\u00dferst zufrieden!<\/p>\n<p>Weiler W\u00e4rme eG<br \/>\nPfalzgrafenweiler \/ gr\u00f6\u00dftes Netz in BW<\/p>\n<\/div><\/section><\/div><div class='slide-entry-wrap'><section class='slide-entry flex_column post-entry slide-entry-overview slide-loop-3 slide-parity-odd  av_fullwidth first'  itemscope=\"itemscope\" itemtype=\"https:\/\/schema.org\/CreativeWork\" ><h3 class='slide-entry-title entry-title '  itemprop=\"headline\" >Warum bin ich so zufrieden mit meinen Fernw\u00e4rmestationen von rebaro?<\/h3><div class='slide-entry-excerpt entry-content'  itemprop=\"text\" ><p>rebaro liefert uns \u00dcbergabestationen mit einen hohen Qualit\u00e4tsstandard und das innerhalb weniger Tage. Zudem kann man sich auf den Service von rebaro zu 100% verlassen.<\/p>\n<p>Biogas Haberer<br \/>\nNahw\u00e4rme Wittershausen<\/p>\n<\/div><\/section><\/div><div class='slide-entry-wrap'><section class='slide-entry flex_column post-entry slide-entry-overview slide-loop-4 slide-parity-odd  av_fullwidth first'  itemscope=\"itemscope\" itemtype=\"https:\/\/schema.org\/CreativeWork\" ><h3 class='slide-entry-title entry-title '  itemprop=\"headline\" >Warum ich meine Nahw\u00e4rme\u00fcbergabestationen bei rebaro kaufe?<\/h3><div class='slide-entry-excerpt entry-content'  itemprop=\"text\" ><p>rebaro bietet einen fairen Preis f\u00fcr die hohe Qualit\u00e4t der Nahw\u00e4rmestationen. Auch die gute Projekt-unterst\u00fctzung macht rebaro zu einem zuverl\u00e4ssigen Partner bei allen Anliegen.<\/p>\n<p>Bioenergie Laub<br \/>\nNahw\u00e4rme Ochsenbach<\/p>\n<\/div><\/section><\/div><div class='slide-entry-wrap'><section class='slide-entry flex_column post-entry slide-entry-overview slide-loop-5 slide-parity-odd  post-entry-last  av_fullwidth first'  itemscope=\"itemscope\" itemtype=\"https:\/\/schema.org\/CreativeWork\" ><h3 class='slide-entry-title entry-title '  itemprop=\"headline\" >Wieso rebaro?<\/h3><div class='slide-entry-excerpt entry-content'  itemprop=\"text\" ><p>Weil rebaro ein starker Partner ist. Die \u00dcbergabestationen laufen zuverl\u00e4ssig. Auch wenn mal Not am Mann ist, hilft rebaro schnell und unkompliziert! Ich bin sehr zufrieden.<\/p>\n<p>NOD Gbr<br \/>\nNahw\u00e4rme D\u00fcrrenmettstetten<\/p>\n<\/div><\/section><\/div><\/div><\/div>\n<div  class='hr av-jk3v9zzx-e3c20099d9d956cde6cfac918a36c371 hr-default  avia-builder-el-5  el_after_av_content_slider  el_before_av_one_full  '><span class='hr-inner '><span class=\"hr-inner-style\"><\/span><\/span><\/div>\n\n<style type=\"text\/css\" data-created_by=\"avia_inline_auto\" id=\"style-css-av-427hq5-2a63dbb0cc787d602d36068c6e8cf12a\">\n.flex_column.av-427hq5-2a63dbb0cc787d602d36068c6e8cf12a{\nborder-radius:0px 0px 0px 0px;\n-webkit-border-radius:0px 0px 0px 0px;\n-moz-border-radius:0px 0px 0px 0px;\n}\n<\/style>\n<div class='flex_column av-427hq5-2a63dbb0cc787d602d36068c6e8cf12a av_one_full  avia-builder-el-6  el_after_av_hr  el_before_av_hr  first flex_column_div av-zero-column-padding '   ><div   data-autoplay='true'  data-interval='4'  data-animation='slide'  class='avia-logo-element-container  avia-logo-slider avia-content-slider avia-smallarrow-slider avia-content-slider-active noHover avia-content-slider1 avia-content-slider-odd  avia-builder-el-7  avia-builder-el-no-sibling  ' ><div class='avia-smallarrow-slider-heading  no-logo-slider-heading '><div class='new-special-heading'>&nbsp;<\/div><div class='avia-slideshow-arrows avia-slideshow-controls' ><a href='#prev' class='prev-slide ' aria-hidden='true' data-av_icon='\ue87c' data-av_iconfont='entypo-fontello' aria-hidden='true' tabindex='-1'>Zur\u00fcck<\/a><a href='#next' class='next-slide ' aria-hidden='true' data-av_icon='\ue87d' data-av_iconfont='entypo-fontello' aria-hidden='true' tabindex='-1'>Weiter<\/a><\/div><\/div><div class='avia-content-slider-inner'><div class='slide-entry-wrap' ><div  class='slide-entry flex_column no_margin post-entry slide-entry-overview slide-loop-1 slide-parity-odd  av_one_third first real-thumbnail'><span class='av-partner-fake-img' style='padding-bottom:66.666666666667%; background-image:url(https:\/\/www.rebaro.de\/engl\/wp-content\/uploads\/sites\/2\/2018\/10\/adidas-300x200.jpg);'><\/span><\/div><div  class='slide-entry flex_column no_margin post-entry slide-entry-overview slide-loop-2 slide-parity-even  av_one_third  real-thumbnail'><span class='av-partner-fake-img' style='padding-bottom:66.666666666667%; background-image:url(https:\/\/www.rebaro.de\/engl\/wp-content\/uploads\/sites\/2\/2018\/10\/puma-300x200.jpg);'><\/span><\/div><div  class='slide-entry flex_column no_margin post-entry slide-entry-overview slide-loop-3 slide-parity-odd  av_one_third  real-thumbnail'><span class='av-partner-fake-img' style='padding-bottom:66.666666666667%; background-image:url(https:\/\/www.rebaro.de\/engl\/wp-content\/uploads\/sites\/2\/2018\/10\/Chur-300x200.jpg);'><\/span><\/div><\/div><div class='slide-entry-wrap' ><div  class='slide-entry flex_column no_margin post-entry slide-entry-overview slide-loop-4 slide-parity-odd  av_one_third first real-thumbnail'><span class='av-partner-fake-img' style='padding-bottom:66.666666666667%; background-image:url(https:\/\/www.rebaro.de\/engl\/wp-content\/uploads\/sites\/2\/2018\/10\/Land-Salzburg-300x200.jpg);'><\/span><\/div><div  class='slide-entry flex_column no_margin post-entry slide-entry-overview slide-loop-5 slide-parity-even  av_one_third  real-thumbnail'><span class='av-partner-fake-img' style='padding-bottom:66.666666666667%; background-image:url(https:\/\/www.rebaro.de\/engl\/wp-content\/uploads\/sites\/2\/2018\/10\/elbphilharmonie-300x200.jpg);'><\/span><\/div><div  class='slide-entry flex_column no_margin post-entry slide-entry-overview slide-loop-6 slide-parity-odd  av_one_third  real-thumbnail'><span class='av-partner-fake-img' style='padding-bottom:66.666666666667%; background-image:url(https:\/\/www.rebaro.de\/engl\/wp-content\/uploads\/sites\/2\/2018\/10\/gaesteinfo-pgw-300x200.jpg);'><\/span><\/div><\/div><div class='slide-entry-wrap' ><div  class='slide-entry flex_column no_margin post-entry slide-entry-overview slide-loop-7 slide-parity-odd  post-entry-last  av_one_third first real-thumbnail'><span class='av-partner-fake-img' style='padding-bottom:66.666666666667%; background-image:url(https:\/\/www.rebaro.de\/engl\/wp-content\/uploads\/sites\/2\/2018\/10\/LBBW-300x200.jpg);'><\/span><\/div><\/div><\/div><\/div><\/div>\n<div  class='hr av-jk3v9zzx-e3c20099d9d956cde6cfac918a36c371 hr-default  avia-builder-el-8  el_after_av_one_full  el_before_av_button  '><span class='hr-inner '><span class=\"hr-inner-style\"><\/span><\/span><\/div>\n<div  class='avia-button-wrap avia-button-center  avia-builder-el-9  el_after_av_hr  avia-builder-el-last ' ><a href='https:\/\/www.rebaro.de\/engl\/kontakt\/'  class='avia-button av-jk2p232j-2640d690b028c0a224df8f3143bde19c avia-icon_select-yes-left-icon avia-size-x-large avia-position-center av-icon-on-hover avia-color-theme-color ' ><span class='avia_button_icon avia_button_icon_left' aria-hidden='true' data-av_icon='\ue805' data-av_iconfont='entypo-fontello'><\/span><span class='avia_iconbox_title' > Feel free to contact us!<\/span><\/a><\/div>\n","protected":false},"excerpt":{"rendered":"<p>This is a Page excerpt. It will be displayed for search results<\/p>\n","protected":false},"author":1,"featured_media":0,"parent":0,"menu_order":0,"comment_status":"open","ping_status":"open","template":"","meta":[],"_links":{"self":[{"href":"https:\/\/www.rebaro.de\/engl\/wp-json\/wp\/v2\/pages\/3501"}],"collection":[{"href":"https:\/\/www.rebaro.de\/engl\/wp-json\/wp\/v2\/pages"}],"about":[{"href":"https:\/\/www.rebaro.de\/engl\/wp-json\/wp\/v2\/types\/page"}],"author":[{"embeddable":true,"href":"https:\/\/www.rebaro.de\/engl\/wp-json\/wp\/v2\/users\/1"}],"replies":[{"embeddable":true,"href":"https:\/\/www.rebaro.de\/engl\/wp-json\/wp\/v2\/comments?post=3501"}],"version-history":[{"count":26,"href":"https:\/\/www.rebaro.de\/engl\/wp-json\/wp\/v2\/pages\/3501\/revisions"}],"predecessor-version":[{"id":4293,"href":"https:\/\/www.rebaro.de\/engl\/wp-json\/wp\/v2\/pages\/3501\/revisions\/4293"}],"wp:attachment":[{"href":"https:\/\/www.rebaro.de\/engl\/wp-json\/wp\/v2\/media?parent=3501"}],"curies":[{"name":"wp","href":"https:\/\/api.w.org\/{rel}","templated":true}]}}